{"id":104,"date":"2008-09-11T07:13:06","date_gmt":"2008-09-11T05:13:06","guid":{"rendered":"http:\/\/www.fanprojekt-magdeburg.org\/wp\/?page_id=104"},"modified":"2020-06-11T12:55:23","modified_gmt":"2020-06-11T10:55:23","slug":"beirat","status":"publish","type":"page","link":"https:\/\/www.fanprojekt.derparitaetische.de\/?page_id=104","title":{"rendered":"Beirat"},"content":{"rendered":"\n<p>Der Beirat des Fanprojekts Magdeburg ist ein empfehlendes und beratenes Gremium. <br><br>Er\n begleitet die Umsetzung des Projektes und versteht sich als Berater f\u00fcr\n besondere Sachverhalte, die grunds\u00e4tzliche Bedeutung haben oder eine \naktuelle Brisanz darstellen.<\/p>\n\n\n\n<p><br>Er unterst\u00fctzt das Fanprojekt Magdeburg beim Aufbau und der  Entwicklung der inhaltlichen Strukturen und bietet dem Fanprojekt die  M\u00f6glichkeit, auf das Expertenwissen verschiedener Akteure  zur\u00fcckzugreifen, um so noch umsichtiger und kompetenter agieren zu  k\u00f6nnen. Zur Erf\u00fcllung und Wahrung der Aufgaben des Beirates des  Fanprojekts Magdeburg wurde eine Gesch\u00e4ftsordnung verabschiedet.<br><\/p>\n\n\n\n<div class=\"wp-block-file\"><a href=\"http:\/\/www.fanprojekt-magdeburg.org\/wp\/wp-content\/uploads\/2019\/02\/2009_07_22_doc_fp_beirat.pdf\">Gesch\u00e4ftsordnung f\u00fcr den Beirat des Fanprojekts Magdeburg<\/a><\/div>\n\n\n\n<p>\nNeben  den aufgef\u00fchrten Institutionen nehmen wenigstens ein Mitarbeiter \ndes  PARIT\u00c4TISCHEN Sachsen-Anhalt und wenigstens ein Mitarbeiter des  \nFanprojektes Magdeburg an den Sitzungen teil. Die Mitglieder sind  \nberechtigt, neue Mitglieder vorzuschlagen, deren Anzahl jedoch 15 nicht \n \u00fcbersteigen darf.<\/p>\n\n\n\n<p>Mitglieder im Fanprojektbeirat sind nat\u00fcrliche Personen sowie Vertreter von Institutionen. Die Zusammensetzung des Beirates erfolgt aufgrund der  Berufung durch den PARIT\u00c4TISCHEN auf der Basis des Vorschlages durch den Beirat selbst.<\/p>\n\n\n\n<p>Im Beirat des Fanprojekts Magdeburg sind derzeit folgende Mitglieder: <\/p>\n\n\n\n<ul><li> Deutscher Fu\u00dfballbund \u2013 Kommission f\u00fcr Pr\u00e4vention und Sicherheit&nbsp; <\/li><li> Landeshauptstadt Magdeburg \u2013 Jugendamt <\/li><li> Ministerium f\u00fcr Gesundheit und Soziales <\/li><li> Pr\u00e4sidium des 1. FC Magdeburg <\/li><li> Vorsitzende des FanRat e.V. <\/li><li> Vertreter der aktiven Fanszene <\/li><li> Koordinationsstelle Fanprojekte <\/li><li> Hochschule Magdeburg-Stendal (FH) <\/li><li> Deutsche Sportjugend&nbsp;&nbsp;&nbsp; <\/li><li> Stadtmagazin DATE\u00b4s <\/li><li>Forum Gestaltung<\/li><\/ul>\n\n\n\n<p>&nbsp;&nbsp;&nbsp;&nbsp;&nbsp;&nbsp;&nbsp;&nbsp;&nbsp;&nbsp; &nbsp;&nbsp;&nbsp;&nbsp;&nbsp;&nbsp;&nbsp;&nbsp;&nbsp; <\/p>\n","protected":false},"excerpt":{"rendered":"<p>Der Beirat des Fanprojekts Magdeburg ist ein empfehlendes und beratenes Gremium. Er begleitet die Umsetzung des Projektes und versteht sich als Berater f\u00fcr besondere Sachverhalte, die grunds\u00e4tzliche Bedeutung haben oder eine aktuelle Brisanz darstellen. Er unterst\u00fctzt das Fanprojekt Magdeburg beim Aufbau und der Entwicklung der inhaltlichen Strukturen und bietet dem Fanprojekt die M\u00f6glichkeit, auf das &hellip; <a href=\"https:\/\/www.fanprojekt.derparitaetische.de\/?page_id=104\" class=\"more-link\"><span class=\"screen-reader-text\">\u201eBeirat\u201c<\/span> weiterlesen<\/a><\/p>\n","protected":false},"author":1,"featured_media":0,"parent":0,"menu_order":0,"comment_status":"closed","ping_status":"closed","template":"","meta":{"footnotes":""},"_links":{"self":[{"href":"https:\/\/www.fanprojekt.derparitaetische.de\/index.php?rest_route=\/wp\/v2\/pages\/104"}],"collection":[{"href":"https:\/\/www.fanprojekt.derparitaetische.de\/index.php?rest_route=\/wp\/v2\/pages"}],"about":[{"href":"https:\/\/www.fanprojekt.derparitaetische.de\/index.php?rest_route=\/wp\/v2\/types\/page"}],"author":[{"embeddable":true,"href":"https:\/\/www.fanprojekt.derparitaetische.de\/index.php?rest_route=\/wp\/v2\/users\/1"}],"replies":[{"embeddable":true,"href":"https:\/\/www.fanprojekt.derparitaetische.de\/index.php?rest_route=%2Fwp%2Fv2%2Fcomments&post=104"}],"version-history":[{"count":6,"href":"https:\/\/www.fanprojekt.derparitaetische.de\/index.php?rest_route=\/wp\/v2\/pages\/104\/revisions"}],"predecessor-version":[{"id":1172,"href":"https:\/\/www.fanprojekt.derparitaetische.de\/index.php?rest_route=\/wp\/v2\/pages\/104\/revisions\/1172"}],"wp:attachment":[{"href":"https:\/\/www.fanprojekt.derparitaetische.de\/index.php?rest_route=%2Fwp%2Fv2%2Fmedia&parent=104"}],"curies":[{"name":"wp","href":"https:\/\/api.w.org\/{rel}","templated":true}]}}